{"id":99,"date":"2022-09-15T23:36:11","date_gmt":"2022-09-16T03:36:11","guid":{"rendered":"https:\/\/augustocdominguez.com\/?page_id=99"},"modified":"2025-03-17T21:57:05","modified_gmt":"2025-03-18T01:57:05","slug":"about-me","status":"publish","type":"page","link":"https:\/\/augustocdominguez.com\/es\/about-me\/","title":{"rendered":"About Augusto"},"content":{"rendered":"<div class=\"wp-block-media-text has-media-on-the-right is-stacked-on-mobile\"><div class=\"wp-block-media-text__content\">\n<p class=\"wp-block-paragraph\">Hello! I\u2019m <strong>Augusto Dom\u00ednguez<\/strong> and welcome to my new website.<\/p>\n\n\n\n<p class=\"wp-block-paragraph\">Nac\u00ed y crec\u00ed en la Rep\u00fablica Dominicana, y he estado dando carpeta desde diciemrbe del 1993. Hablo perfectamente tanto espa\u00f1ol como ingl\u00e9s. <\/p>\n\n\n\n<p class=\"wp-block-paragraph\">Soy licenciado en Marketing \/PUCMM, 2015), y tengo un m\u00e1ster en Administraci\u00f3n de Desarrolllo Internacional (Western Michigan University, 2019).<\/p>\n\n\n\n<p class=\"wp-block-paragraph\">Actualmente, soy servidor p\u00fablico en mi pa\u00eds de origen. Previamente, he trabajado como agente de servicio al cliente y telemarketing, social meida manager, y dise\u00f1ador gr\u00e1fico.<\/p>\n<\/div><figure class=\"wp-block-media-text__media\"><img fetchpriority=\"high\" decoding=\"async\" width=\"683\" height=\"1024\" src=\"https:\/\/augustocdominguez.com\/wp-content\/uploads\/2022\/09\/Dominguez-Augusto-Pol-Sci_150-683x1024.jpg\" alt=\"\" class=\"wp-image-71 size-full\" srcset=\"https:\/\/augustocdominguez.com\/wp-content\/uploads\/2022\/09\/Dominguez-Augusto-Pol-Sci_150-683x1024.jpg 683w, https:\/\/augustocdominguez.com\/wp-content\/uploads\/2022\/09\/Dominguez-Augusto-Pol-Sci_150-200x300.jpg 200w, https:\/\/augustocdominguez.com\/wp-content\/uploads\/2022\/09\/Dominguez-Augusto-Pol-Sci_150.jpg 720w\" sizes=\"(max-width: 683px) 100vw, 683px\" \/><\/figure><\/div>\n\n\n\n<div style=\"height:20px\" aria-hidden=\"true\" class=\"wp-block-spacer\"><\/div>\n\n\n\n<p class=\"wp-block-paragraph\">A trav\u00e9s de este proyecto, espero poder compartir lo que pienso y lo que siento como buen millennial  que s\u00f3lo sabe tener muchas opiniones. Abordar\u00e9 tanto temas triviales y casuales de la vida del Siglo XXI, como abarcar temas algo m\u00e1s densos como los reality shows, pasando por la pol\u00edtica, y muchos m\u00e1s. S\u00e9 que son temas muy diametramente opuestos, pero... eres m\u00e1s que bienvenido a mi mundo!<\/p>\n\n\n\n<div style=\"height:20px\" aria-hidden=\"true\" class=\"wp-block-spacer\"><\/div>\n\n\n\n<p class=\"wp-block-paragraph\">Also, I\u2019m an avid Eurovision fan, and although you will see some related content on my blog, the primary source for all things contest related is <strong><a href=\"https:\/\/eurovisionfam.com\/\">EurovisionFam.com<\/a><\/strong>, where I serve as a contributor.<\/p>\n\n\n\n<div style=\"height:20px\" aria-hidden=\"true\" class=\"wp-block-spacer\"><\/div>\n\n\n\n<p class=\"wp-block-paragraph\">Also, I am now offering my services as a professional translator for various types of non-legal documents in both English and Spanish. You will find more detailed information on the services I currently offer, on my <a href=\"https:\/\/augustocdominguez.com\/es\/translator\/\" data-type=\"page\" data-id=\"463\"><strong>service site<\/strong><\/a>.<\/p>\n\n\n\n<div style=\"height:20px\" aria-hidden=\"true\" class=\"wp-block-spacer\"><\/div>\n\n\n\n<p class=\"wp-block-paragraph\">En el bot\u00f3n que ves debajo, puedes contactarme ante cualquier duda o para colaborar conmigo!<\/p>\n\n\n\n<div style=\"height:20px\" aria-hidden=\"true\" class=\"wp-block-spacer\"><\/div>\n\n\n\n<div class=\"wp-block-buttons is-layout-flex wp-block-buttons-is-layout-flex\">\n<div class=\"wp-block-button\"><a class=\"wp-block-button__link wp-element-button\" href=\"https:\/\/augustocdominguez.com\/es\/?page_id=118\" target=\"_blank\" rel=\"noreferrer noopener\"><strong>Cont\u00e1ctame!<\/strong><\/a><\/div>\n<\/div>\n\n\n\n<div style=\"height:20px\" aria-hidden=\"true\" class=\"wp-block-spacer\"><\/div>","protected":false},"excerpt":{"rendered":"<p>Hello! I\u2019m Augusto Dom\u00ednguez and welcome to my new website. Born and raised in Santo Domingo, Dominican Republic, I\u2019ve been<\/p>\n<p><a href=\"https:\/\/augustocdominguez.com\/es\/about-me\/\" class=\"more-link\">Continue reading<span class=\"screen-reader-text\">About Augusto<\/span><\/a><\/p>","protected":false},"author":1,"featured_media":218,"parent":0,"menu_order":0,"comment_status":"closed","ping_status":"closed","template":"","meta":{"_crdt_document":"","footnotes":""},"class_list":["post-99","page","type-page","status-publish","has-post-thumbnail","hentry"],"yoast_head":"<!-- This site is optimized with the Yoast SEO plugin v27.4 - https:\/\/yoast.com\/product\/yoast-seo-wordpress\/ -->\n<title>About Augusto - Augusto<\/title>\n<meta name=\"description\" content=\"Augusto About Augusto -\" \/>\n<meta name=\"robots\" content=\"index, follow, max-snippet:-1, max-image-preview:large, max-video-preview:-1\" \/>\n<link rel=\"canonical\" href=\"https:\/\/augustocdominguez.com\/es\/about-me\/\" \/>\n<meta property=\"og:locale\" content=\"es_ES\" \/>\n<meta property=\"og:type\" content=\"article\" \/>\n<meta property=\"og:title\" content=\"About Augusto - Augusto\" \/>\n<meta property=\"og:description\" content=\"Augusto About Augusto -\" \/>\n<meta property=\"og:url\" content=\"https:\/\/augustocdominguez.com\/es\/about-me\/\" \/>\n<meta property=\"og:site_name\" content=\"Augusto\" \/>\n<meta property=\"article:modified_time\" content=\"2025-03-18T01:57:05+00:00\" \/>\n<meta property=\"og:image\" content=\"https:\/\/augustocdominguez.com\/wp-content\/uploads\/2023\/02\/About-Me-Banner-Website.png\" \/>\n\t<meta property=\"og:image:width\" content=\"750\" \/>\n\t<meta property=\"og:image:height\" content=\"250\" \/>\n\t<meta property=\"og:image:type\" content=\"image\/png\" \/>\n<meta name=\"twitter:card\" content=\"summary_large_image\" \/>\n<meta name=\"twitter:label1\" content=\"Est. reading time\" \/>\n\t<meta name=\"twitter:data1\" content=\"1 minuto\" \/>\n<script type=\"application\/ld+json\" class=\"yoast-schema-graph\">{\"@context\":\"https:\\\/\\\/schema.org\",\"@graph\":[{\"@type\":\"WebPage\",\"@id\":\"https:\\\/\\\/augustocdominguez.com\\\/about-me\\\/\",\"url\":\"https:\\\/\\\/augustocdominguez.com\\\/about-me\\\/\",\"name\":\"About Augusto - Augusto\",\"isPartOf\":{\"@id\":\"https:\\\/\\\/augustocdominguez.com\\\/#website\"},\"primaryImageOfPage\":{\"@id\":\"https:\\\/\\\/augustocdominguez.com\\\/about-me\\\/#primaryimage\"},\"image\":{\"@id\":\"https:\\\/\\\/augustocdominguez.com\\\/about-me\\\/#primaryimage\"},\"thumbnailUrl\":\"https:\\\/\\\/augustocdominguez.com\\\/wp-content\\\/uploads\\\/2023\\\/02\\\/About-Me-Banner-Website.png\",\"datePublished\":\"2022-09-16T03:36:11+00:00\",\"dateModified\":\"2025-03-18T01:57:05+00:00\",\"description\":\"Augusto About Augusto -\",\"breadcrumb\":{\"@id\":\"https:\\\/\\\/augustocdominguez.com\\\/about-me\\\/#breadcrumb\"},\"inLanguage\":\"es-DO\",\"potentialAction\":[{\"@type\":\"ReadAction\",\"target\":[\"https:\\\/\\\/augustocdominguez.com\\\/about-me\\\/\"]}]},{\"@type\":\"ImageObject\",\"inLanguage\":\"es-DO\",\"@id\":\"https:\\\/\\\/augustocdominguez.com\\\/about-me\\\/#primaryimage\",\"url\":\"https:\\\/\\\/augustocdominguez.com\\\/wp-content\\\/uploads\\\/2023\\\/02\\\/About-Me-Banner-Website.png\",\"contentUrl\":\"https:\\\/\\\/augustocdominguez.com\\\/wp-content\\\/uploads\\\/2023\\\/02\\\/About-Me-Banner-Website.png\",\"width\":750,\"height\":250},{\"@type\":\"BreadcrumbList\",\"@id\":\"https:\\\/\\\/augustocdominguez.com\\\/about-me\\\/#breadcrumb\",\"itemListElement\":[{\"@type\":\"ListItem\",\"position\":1,\"name\":\"Home\",\"item\":\"https:\\\/\\\/augustocdominguez.com\\\/\"},{\"@type\":\"ListItem\",\"position\":2,\"name\":\"About Augusto\"}]},{\"@type\":\"WebSite\",\"@id\":\"https:\\\/\\\/augustocdominguez.com\\\/#website\",\"url\":\"https:\\\/\\\/augustocdominguez.com\\\/\",\"name\":\"Augusto\",\"description\":\"Welcome to my digital abode!\",\"publisher\":{\"@id\":\"https:\\\/\\\/augustocdominguez.com\\\/#\\\/schema\\\/person\\\/3f0dd22613ebe2d09d4d8bbb5fe8c8ad\"},\"potentialAction\":[{\"@type\":\"SearchAction\",\"target\":{\"@type\":\"EntryPoint\",\"urlTemplate\":\"https:\\\/\\\/augustocdominguez.com\\\/?s={search_term_string}\"},\"query-input\":{\"@type\":\"PropertyValueSpecification\",\"valueRequired\":true,\"valueName\":\"search_term_string\"}}],\"inLanguage\":\"es-DO\"},{\"@type\":[\"Person\",\"Organization\"],\"@id\":\"https:\\\/\\\/augustocdominguez.com\\\/#\\\/schema\\\/person\\\/3f0dd22613ebe2d09d4d8bbb5fe8c8ad\",\"name\":\"Augusto Dom\u00ednguez\",\"image\":{\"@type\":\"ImageObject\",\"inLanguage\":\"es-DO\",\"@id\":\"http:\\\/\\\/augustocdominguez.com\\\/wp-content\\\/uploads\\\/2022\\\/01\\\/Augusto-Logo-1.png\",\"url\":\"http:\\\/\\\/augustocdominguez.com\\\/wp-content\\\/uploads\\\/2022\\\/01\\\/Augusto-Logo-1.png\",\"contentUrl\":\"http:\\\/\\\/augustocdominguez.com\\\/wp-content\\\/uploads\\\/2022\\\/01\\\/Augusto-Logo-1.png\",\"width\":500,\"height\":500,\"caption\":\"Augusto Dom\u00ednguez\"},\"logo\":{\"@id\":\"http:\\\/\\\/augustocdominguez.com\\\/wp-content\\\/uploads\\\/2022\\\/01\\\/Augusto-Logo-1.png\"},\"sameAs\":[\"http:\\\/\\\/augustocdominguez.com\"]}]}<\/script>\n<!-- \/ Yoast SEO plugin. -->","yoast_head_json":{"title":"About Augusto - Augusto","description":"Augusto About Augusto -","robots":{"index":"index","follow":"follow","max-snippet":"max-snippet:-1","max-image-preview":"max-image-preview:large","max-video-preview":"max-video-preview:-1"},"canonical":"https:\/\/augustocdominguez.com\/es\/about-me\/","og_locale":"es_ES","og_type":"article","og_title":"About Augusto - Augusto","og_description":"Augusto About Augusto -","og_url":"https:\/\/augustocdominguez.com\/es\/about-me\/","og_site_name":"Augusto","article_modified_time":"2025-03-18T01:57:05+00:00","og_image":[{"width":750,"height":250,"url":"https:\/\/augustocdominguez.com\/wp-content\/uploads\/2023\/02\/About-Me-Banner-Website.png","type":"image\/png"}],"twitter_card":"summary_large_image","twitter_misc":{"Est. reading time":"1 minuto"},"schema":{"@context":"https:\/\/schema.org","@graph":[{"@type":"WebPage","@id":"https:\/\/augustocdominguez.com\/about-me\/","url":"https:\/\/augustocdominguez.com\/about-me\/","name":"About Augusto - Augusto","isPartOf":{"@id":"https:\/\/augustocdominguez.com\/#website"},"primaryImageOfPage":{"@id":"https:\/\/augustocdominguez.com\/about-me\/#primaryimage"},"image":{"@id":"https:\/\/augustocdominguez.com\/about-me\/#primaryimage"},"thumbnailUrl":"https:\/\/augustocdominguez.com\/wp-content\/uploads\/2023\/02\/About-Me-Banner-Website.png","datePublished":"2022-09-16T03:36:11+00:00","dateModified":"2025-03-18T01:57:05+00:00","description":"Augusto About Augusto -","breadcrumb":{"@id":"https:\/\/augustocdominguez.com\/about-me\/#breadcrumb"},"inLanguage":"es-DO","potentialAction":[{"@type":"ReadAction","target":["https:\/\/augustocdominguez.com\/about-me\/"]}]},{"@type":"ImageObject","inLanguage":"es-DO","@id":"https:\/\/augustocdominguez.com\/about-me\/#primaryimage","url":"https:\/\/augustocdominguez.com\/wp-content\/uploads\/2023\/02\/About-Me-Banner-Website.png","contentUrl":"https:\/\/augustocdominguez.com\/wp-content\/uploads\/2023\/02\/About-Me-Banner-Website.png","width":750,"height":250},{"@type":"BreadcrumbList","@id":"https:\/\/augustocdominguez.com\/about-me\/#breadcrumb","itemListElement":[{"@type":"ListItem","position":1,"name":"Home","item":"https:\/\/augustocdominguez.com\/"},{"@type":"ListItem","position":2,"name":"About Augusto"}]},{"@type":"WebSite","@id":"https:\/\/augustocdominguez.com\/#website","url":"https:\/\/augustocdominguez.com\/","name":"Augusto","description":"Welcome to my digital abode!","publisher":{"@id":"https:\/\/augustocdominguez.com\/#\/schema\/person\/3f0dd22613ebe2d09d4d8bbb5fe8c8ad"},"potentialAction":[{"@type":"SearchAction","target":{"@type":"EntryPoint","urlTemplate":"https:\/\/augustocdominguez.com\/?s={search_term_string}"},"query-input":{"@type":"PropertyValueSpecification","valueRequired":true,"valueName":"search_term_string"}}],"inLanguage":"es-DO"},{"@type":["Person","Organization"],"@id":"https:\/\/augustocdominguez.com\/#\/schema\/person\/3f0dd22613ebe2d09d4d8bbb5fe8c8ad","name":"Augusto Dom\u00ednguez","image":{"@type":"ImageObject","inLanguage":"es-DO","@id":"http:\/\/augustocdominguez.com\/wp-content\/uploads\/2022\/01\/Augusto-Logo-1.png","url":"http:\/\/augustocdominguez.com\/wp-content\/uploads\/2022\/01\/Augusto-Logo-1.png","contentUrl":"http:\/\/augustocdominguez.com\/wp-content\/uploads\/2022\/01\/Augusto-Logo-1.png","width":500,"height":500,"caption":"Augusto Dom\u00ednguez"},"logo":{"@id":"http:\/\/augustocdominguez.com\/wp-content\/uploads\/2022\/01\/Augusto-Logo-1.png"},"sameAs":["http:\/\/augustocdominguez.com"]}]}},"jetpack_sharing_enabled":true,"_links":{"self":[{"href":"https:\/\/augustocdominguez.com\/es\/wp-json\/wp\/v2\/pages\/99","targetHints":{"allow":["GET"]}}],"collection":[{"href":"https:\/\/augustocdominguez.com\/es\/wp-json\/wp\/v2\/pages"}],"about":[{"href":"https:\/\/augustocdominguez.com\/es\/wp-json\/wp\/v2\/types\/page"}],"author":[{"embeddable":true,"href":"https:\/\/augustocdominguez.com\/es\/wp-json\/wp\/v2\/users\/1"}],"replies":[{"embeddable":true,"href":"https:\/\/augustocdominguez.com\/es\/wp-json\/wp\/v2\/comments?post=99"}],"version-history":[{"count":11,"href":"https:\/\/augustocdominguez.com\/es\/wp-json\/wp\/v2\/pages\/99\/revisions"}],"predecessor-version":[{"id":686,"href":"https:\/\/augustocdominguez.com\/es\/wp-json\/wp\/v2\/pages\/99\/revisions\/686"}],"wp:featuredmedia":[{"embeddable":true,"href":"https:\/\/augustocdominguez.com\/es\/wp-json\/wp\/v2\/media\/218"}],"wp:attachment":[{"href":"https:\/\/augustocdominguez.com\/es\/wp-json\/wp\/v2\/media?parent=99"}],"curies":[{"name":"wp","href":"https:\/\/api.w.org\/{rel}","templated":true}]}}