{"id":463,"date":"2024-11-23T10:32:10","date_gmt":"2024-11-23T14:32:10","guid":{"rendered":"https:\/\/augustocdominguez.com\/?page_id=463"},"modified":"2025-08-13T21:47:12","modified_gmt":"2025-08-14T01:47:12","slug":"translator","status":"publish","type":"page","link":"https:\/\/augustocdominguez.com\/es\/translator\/","title":{"rendered":"Quiero ser tu traductor!"},"content":{"rendered":"<figure class=\"wp-block-image size-full\"><img fetchpriority=\"high\" decoding=\"async\" width=\"2240\" height=\"1260\" src=\"https:\/\/augustocdominguez.com\/wp-content\/uploads\/2024\/12\/Self.jpg\" alt=\"\" class=\"wp-image-523\" style=\"aspect-ratio:16\/9;object-fit:cover\" srcset=\"https:\/\/augustocdominguez.com\/wp-content\/uploads\/2024\/12\/Self.jpg 2240w, https:\/\/augustocdominguez.com\/wp-content\/uploads\/2024\/12\/Self-300x169.jpg 300w, https:\/\/augustocdominguez.com\/wp-content\/uploads\/2024\/12\/Self-1024x576.jpg 1024w, https:\/\/augustocdominguez.com\/wp-content\/uploads\/2024\/12\/Self-768x432.jpg 768w, https:\/\/augustocdominguez.com\/wp-content\/uploads\/2024\/12\/Self-1536x864.jpg 1536w, https:\/\/augustocdominguez.com\/wp-content\/uploads\/2024\/12\/Self-2048x1152.jpg 2048w, https:\/\/augustocdominguez.com\/wp-content\/uploads\/2024\/12\/Self-1920x1080.jpg 1920w\" sizes=\"(max-width: 2240px) 100vw, 2240px\" \/><\/figure>\n\n\n\n<div style=\"height:20px\" aria-hidden=\"true\" class=\"wp-block-spacer\"><\/div>\n\n\n\n<p class=\"wp-block-paragraph\">S\u00ed, tal y como lees: quiero ser tu tradcutor!<\/p>\n\n\n\n<div style=\"height:20px\" aria-hidden=\"true\" class=\"wp-block-spacer\"><\/div>\n\n\n\n<p class=\"wp-block-paragraph\">De manera oficial, estoy lanzando mi nuevo servicio profesional digital, como traductor de ingl\u00e9s a espa\u00f1ol y viceversa. Si te gustar\u00eda ver ejemplos de como he trabajado esto de manera formal, aqu\u00ed te comparto algunos:<\/p>\n\n\n\n<div class=\"wp-block-buttons alignfull is-content-justification-center is-layout-flex wp-container-core-buttons-is-layout-375cc658 wp-block-buttons-is-layout-flex\" style=\"padding-top:var(--wp--preset--spacing--30);padding-right:0;padding-bottom:var(--wp--preset--spacing--30);padding-left:0\">\n<div class=\"wp-block-button\"><a class=\"wp-block-button__link wp-element-button\" href=\"https:\/\/eurovisionfam.com\/somos-una-comunidad-de-gente-amante-de-la-musica-conozcamos-a-augusto-del-team-de-eurovision-fam\/\">Ejemplo 1<\/a><\/div>\n\n\n\n<div class=\"wp-block-button\"><a class=\"wp-block-button__link wp-element-button\" href=\"https:\/\/eurovisionfam.com\/karmento-i-took-my-guitar-and-it-just-happened\/\">Ejemplo 2<\/a><\/div>\n\n\n\n<div class=\"wp-block-button\"><a class=\"wp-block-button__link has-text-align-center wp-element-button\" href=\"https:\/\/eurovisionfam.com\/ella-es-la-zorra-conociendo-a-manuela-trasobares-la-musa-detras-del-tema-de-nebulossa\/\">Ejemplo 3<\/a><\/div>\n\n\n\n<div class=\"wp-block-button\"><a class=\"wp-block-button__link wp-element-button\" href=\"https:\/\/eurovisionfam.com\/tanxugueiras-un-homenaje-a-la-cultura-gallega-y-a-las-pandeireteiras\/\">Ejemplo 4<\/a><\/div>\n<\/div>\n\n\n\n<p class=\"wp-block-paragraph\">Puedes revisar todos los planes de servicio que estar\u00e9 ofreciendo, por ahora, para probar la factibilidad de la demanda de servicios de ustdes hacia un servidor.<\/p>\n\n\n\n<hr class=\"wp-block-separator has-alpha-channel-opacity is-style-wide\" style=\"margin-top:var(--wp--preset--spacing--40);margin-bottom:var(--wp--preset--spacing--40)\"\/>\n\n\n\n<h3 class=\"wp-block-heading\">Paquetes de Servicios de Traducci\u00f3n<\/h3>\n\n\n\n<p class=\"wp-block-paragraph\">Puedes elegir entre alguno de estos 4 paquetes de servicios que estar\u00e9 brindando ahora mismo.<\/p>\n\n\n\n<div style=\"height:13px\" aria-hidden=\"true\" class=\"wp-block-spacer\"><\/div>\n\n\n\n<div class=\"wp-block-columns is-layout-flex wp-container-core-columns-is-layout-8f761849 wp-block-columns-is-layout-flex\">\n<div class=\"wp-block-column is-layout-flow wp-block-column-is-layout-flow\">\n<h4 class=\"wp-block-heading\">Documentos Cortos<\/h4>\n\n\n\n<div style=\"height:13px\" aria-hidden=\"true\" class=\"wp-block-spacer\"><\/div>\n\n\n\n<p class=\"wp-block-paragraph\">Estos documentos tienen una extensi\u00f3n de 5 p\u00e1ginas o menos. Pueden ser documentos acad\u00e9micos, escolares o del alg\u00fan otro tipo (no legal).<\/p>\n\n\n\n<h5 class=\"wp-block-heading\">US$30.00 \u2013 1er documento<\/h5>\n\n\n\n<div class=\"wp-block-buttons is-layout-flex wp-block-buttons-is-layout-flex\">\n<div class=\"wp-block-button\"><a class=\"wp-block-button__link wp-element-button\" href=\"https:\/\/form.jotform.com\/243083317560049\">Order Now!<\/a><\/div>\n<\/div>\n\n\n\n<hr class=\"wp-block-separator has-alpha-channel-opacity is-style-wide\" style=\"margin-top:var(--wp--preset--spacing--40);margin-bottom:var(--wp--preset--spacing--40)\"\/>\n\n\n\n<h4 class=\"wp-block-heading\">Documentos de Formato Largo<\/h4>\n\n\n\n<div style=\"height:7px\" aria-hidden=\"true\" class=\"wp-block-spacer\"><\/div>\n\n\n\n<p class=\"wp-block-paragraph\">Si su documento tiene una extensi\u00f3n igual o superior a las 11 p\u00e1ginas, el costo del servicio ser\u00e1 calculado en base a la cantidad total de p\u00e1ginas que tiene el documento.<\/p>\n\n\n\n<h5 class=\"wp-block-heading\">US$10.00 - por p\u00e1gina<\/h5>\n\n\n\n<div class=\"wp-block-buttons is-layout-flex wp-block-buttons-is-layout-flex\">\n<div class=\"wp-block-button\"><a class=\"wp-block-button__link wp-element-button\" href=\"https:\/\/form.jotform.com\/243083317560049\">Order Now!<\/a><\/div>\n<\/div>\n<\/div>\n\n\n\n<div class=\"wp-block-column is-layout-flow wp-block-column-is-layout-flow\">\n<h4 class=\"wp-block-heading\">Documentos de Longitud Media<\/h4>\n\n\n\n<div style=\"height:13px\" aria-hidden=\"true\" class=\"wp-block-spacer\"><\/div>\n\n\n\n<p class=\"wp-block-paragraph\">Estos documentos tienen una extensi\u00f3n de 6 a 10 p\u00e1ginas. Pueden ser documentos acad\u00e9micos, escolares o del alg\u00fan otro tipo (no legal).<\/p>\n\n\n\n<h5 class=\"wp-block-heading\">US$50.00 \u2013 1er documento<\/h5>\n\n\n\n<div class=\"wp-block-buttons is-layout-flex wp-block-buttons-is-layout-flex\">\n<div class=\"wp-block-button\"><a class=\"wp-block-button__link wp-element-button\" href=\"https:\/\/form.jotform.com\/243083317560049\">Order Now!<\/a><\/div>\n<\/div>\n\n\n\n<hr class=\"wp-block-separator has-alpha-channel-opacity is-style-wide\" style=\"margin-top:var(--wp--preset--spacing--40);margin-bottom:var(--wp--preset--spacing--40)\"\/>\n\n\n\n<h4 class=\"wp-block-heading\">Servicios Presenciales<\/h4>\n\n\n\n<div style=\"height:7px\" aria-hidden=\"true\" class=\"wp-block-spacer\"><\/div>\n\n\n\n<p class=\"wp-block-paragraph\">Este es un servicio con costo fijo. El monto total a pagar ser\u00e1 calculado en base al n\u00famero de d\u00edas en los cuales mis servicios sean requeridos.<\/p>\n\n\n\n<h5 class=\"wp-block-heading\">US$200.00 - pro rateado<\/h5>\n\n\n\n<div class=\"wp-block-buttons is-layout-flex wp-block-buttons-is-layout-flex\">\n<div class=\"wp-block-button\"><a class=\"wp-block-button__link wp-element-button\" href=\"https:\/\/form.jotform.com\/243083317560049\">Order Now!<\/a><\/div>\n<\/div>\n<\/div>\n<\/div>\n\n\n\n<hr class=\"wp-block-separator has-alpha-channel-opacity is-style-wide\" style=\"margin-top:var(--wp--preset--spacing--40);margin-bottom:var(--wp--preset--spacing--40)\"\/>\n\n\n\n<h3 class=\"wp-block-heading\">T\u00e9rminos y Condiciones de Servicio<\/h3>\n\n\n\n<div style=\"height:14px\" aria-hidden=\"true\" class=\"wp-block-spacer\"><\/div>\n\n\n\n<p class=\"wp-block-paragraph\">Estas son las reglas b\u00e1sicas de los servicios de traducci\u00f3n:<\/p>\n\n\n\n<div style=\"height:14px\" aria-hidden=\"true\" class=\"wp-block-spacer\"><\/div>\n\n\n\n<ul class=\"wp-block-list\">\n<li>Tan pronto reciba tu solicitud, te estar\u00e9 contactando via correo electr\u00f3nico o WhatsApp en un per\u00edodo de 24 horas, para hacer los ajustes de lugar.<\/li>\n\n\n\n<li>En estos momentos, la entrega de los servicios solicitados tomar\u00e1 de 7 a 10 d\u00edas laborables.<\/li>\n\n\n\n<li>Para los documentos cortos o de longitud media, aqu\u00ed los costos de documentos similares en una misma orden: <strong>USD $10<\/strong> para <strong>documentos cortos<\/strong>; <strong>USD $25.00<\/strong> para <strong>documentos medios<\/strong> por supuesto.<\/li>\n\n\n\n<li>Para los documentos largos, podemos ponernos de acuerdo en la l\u00ednea de tiempo m\u00e1s apropiada para su entrega.<\/li>\n\n\n\n<li>La traducci\u00f3n de documentos legales estar\u00e1 disponible pr\u00f3ximamente.<\/li>\n\n\n\n<li><strong>Si deseas m\u00e1s informaci\u00f3n, por favor escr\u00edbeme por la opci\u00f3n Cont\u00e1ctame (haciendo click debajo).<\/strong><\/li>\n<\/ul>\n\n\n\n<div style=\"height:14px\" aria-hidden=\"true\" class=\"wp-block-spacer\"><\/div>\n\n\n\n<div class=\"wp-block-buttons is-layout-flex wp-block-buttons-is-layout-flex\">\n<div class=\"wp-block-button\"><a class=\"wp-block-button__link wp-element-button\" href=\"https:\/\/augustocdominguez.com\/es\/contact-me\/\">Cont\u00e1ctame!<\/a><\/div>\n<\/div>\n\n\n\n<div style=\"height:25px\" aria-hidden=\"true\" class=\"wp-block-spacer\"><\/div>","protected":false},"excerpt":{"rendered":"<p>Let me be your translator! Now offering text or in-person English to Spanish (or viceversa) translation services to customers anywhere they are. &hellip; <a href=\"https:\/\/augustocdominguez.com\/es\/translator\/\" class=\"more-link\">Continue reading<span class=\"screen-reader-text\">Quiero ser tu traductor!<\/span><\/a><\/p>","protected":false},"author":1,"featured_media":523,"parent":0,"menu_order":0,"comment_status":"closed","ping_status":"closed","template":"","meta":{"_crdt_document":"","footnotes":""},"class_list":["post-463","page","type-page","status-publish","has-post-thumbnail","hentry"],"yoast_head":"<!-- This site is optimized with the Yoast SEO plugin v27.4 - https:\/\/yoast.com\/product\/yoast-seo-wordpress\/ -->\n<title>Let Me Be Your Translator! - Augusto<\/title>\n<meta name=\"description\" content=\"Augusto Let Me Be Your Translator! -\" \/>\n<meta name=\"robots\" content=\"index, follow, max-snippet:-1, max-image-preview:large, max-video-preview:-1\" \/>\n<link rel=\"canonical\" href=\"https:\/\/augustocdominguez.com\/es\/translator\/\" \/>\n<meta property=\"og:locale\" content=\"es_ES\" \/>\n<meta property=\"og:type\" content=\"article\" \/>\n<meta property=\"og:title\" content=\"Let Me Be Your Translator! - Augusto\" \/>\n<meta property=\"og:description\" content=\"Augusto Let Me Be Your Translator! -\" \/>\n<meta property=\"og:url\" content=\"https:\/\/augustocdominguez.com\/es\/translator\/\" \/>\n<meta property=\"og:site_name\" content=\"Augusto\" \/>\n<meta property=\"article:modified_time\" content=\"2025-08-14T01:47:12+00:00\" \/>\n<meta property=\"og:image\" content=\"https:\/\/augustocdominguez.com\/wp-content\/uploads\/2024\/12\/Self.jpg\" \/>\n\t<meta property=\"og:image:width\" content=\"2240\" \/>\n\t<meta property=\"og:image:height\" content=\"1260\" \/>\n\t<meta property=\"og:image:type\" content=\"image\/jpeg\" \/>\n<meta name=\"twitter:card\" content=\"summary_large_image\" \/>\n<meta name=\"twitter:label1\" content=\"Est. reading time\" \/>\n\t<meta name=\"twitter:data1\" content=\"2 minutos\" \/>\n<script type=\"application\/ld+json\" class=\"yoast-schema-graph\">{\"@context\":\"https:\\\/\\\/schema.org\",\"@graph\":[{\"@type\":\"WebPage\",\"@id\":\"https:\\\/\\\/augustocdominguez.com\\\/translator\\\/\",\"url\":\"https:\\\/\\\/augustocdominguez.com\\\/translator\\\/\",\"name\":\"Let Me Be Your Translator! - Augusto\",\"isPartOf\":{\"@id\":\"https:\\\/\\\/augustocdominguez.com\\\/#website\"},\"primaryImageOfPage\":{\"@id\":\"https:\\\/\\\/augustocdominguez.com\\\/translator\\\/#primaryimage\"},\"image\":{\"@id\":\"https:\\\/\\\/augustocdominguez.com\\\/translator\\\/#primaryimage\"},\"thumbnailUrl\":\"https:\\\/\\\/augustocdominguez.com\\\/wp-content\\\/uploads\\\/2024\\\/12\\\/Self.jpg\",\"datePublished\":\"2024-11-23T14:32:10+00:00\",\"dateModified\":\"2025-08-14T01:47:12+00:00\",\"description\":\"Augusto Let Me Be Your Translator! -\",\"breadcrumb\":{\"@id\":\"https:\\\/\\\/augustocdominguez.com\\\/translator\\\/#breadcrumb\"},\"inLanguage\":\"es-DO\",\"potentialAction\":[{\"@type\":\"ReadAction\",\"target\":[\"https:\\\/\\\/augustocdominguez.com\\\/translator\\\/\"]}]},{\"@type\":\"ImageObject\",\"inLanguage\":\"es-DO\",\"@id\":\"https:\\\/\\\/augustocdominguez.com\\\/translator\\\/#primaryimage\",\"url\":\"https:\\\/\\\/augustocdominguez.com\\\/wp-content\\\/uploads\\\/2024\\\/12\\\/Self.jpg\",\"contentUrl\":\"https:\\\/\\\/augustocdominguez.com\\\/wp-content\\\/uploads\\\/2024\\\/12\\\/Self.jpg\",\"width\":2240,\"height\":1260},{\"@type\":\"BreadcrumbList\",\"@id\":\"https:\\\/\\\/augustocdominguez.com\\\/translator\\\/#breadcrumb\",\"itemListElement\":[{\"@type\":\"ListItem\",\"position\":1,\"name\":\"Home\",\"item\":\"https:\\\/\\\/augustocdominguez.com\\\/\"},{\"@type\":\"ListItem\",\"position\":2,\"name\":\"Let Me Be Your Translator!\"}]},{\"@type\":\"WebSite\",\"@id\":\"https:\\\/\\\/augustocdominguez.com\\\/#website\",\"url\":\"https:\\\/\\\/augustocdominguez.com\\\/\",\"name\":\"Augusto\",\"description\":\"Welcome to my digital abode!\",\"publisher\":{\"@id\":\"https:\\\/\\\/augustocdominguez.com\\\/#\\\/schema\\\/person\\\/3f0dd22613ebe2d09d4d8bbb5fe8c8ad\"},\"potentialAction\":[{\"@type\":\"SearchAction\",\"target\":{\"@type\":\"EntryPoint\",\"urlTemplate\":\"https:\\\/\\\/augustocdominguez.com\\\/?s={search_term_string}\"},\"query-input\":{\"@type\":\"PropertyValueSpecification\",\"valueRequired\":true,\"valueName\":\"search_term_string\"}}],\"inLanguage\":\"es-DO\"},{\"@type\":[\"Person\",\"Organization\"],\"@id\":\"https:\\\/\\\/augustocdominguez.com\\\/#\\\/schema\\\/person\\\/3f0dd22613ebe2d09d4d8bbb5fe8c8ad\",\"name\":\"Augusto Dom\u00ednguez\",\"image\":{\"@type\":\"ImageObject\",\"inLanguage\":\"es-DO\",\"@id\":\"http:\\\/\\\/augustocdominguez.com\\\/wp-content\\\/uploads\\\/2022\\\/01\\\/Augusto-Logo-1.png\",\"url\":\"http:\\\/\\\/augustocdominguez.com\\\/wp-content\\\/uploads\\\/2022\\\/01\\\/Augusto-Logo-1.png\",\"contentUrl\":\"http:\\\/\\\/augustocdominguez.com\\\/wp-content\\\/uploads\\\/2022\\\/01\\\/Augusto-Logo-1.png\",\"width\":500,\"height\":500,\"caption\":\"Augusto Dom\u00ednguez\"},\"logo\":{\"@id\":\"http:\\\/\\\/augustocdominguez.com\\\/wp-content\\\/uploads\\\/2022\\\/01\\\/Augusto-Logo-1.png\"},\"sameAs\":[\"http:\\\/\\\/augustocdominguez.com\"]}]}<\/script>\n<!-- \/ Yoast SEO plugin. -->","yoast_head_json":{"title":"Let Me Be Your Translator! - Augusto","description":"Augusto Let Me Be Your Translator! -","robots":{"index":"index","follow":"follow","max-snippet":"max-snippet:-1","max-image-preview":"max-image-preview:large","max-video-preview":"max-video-preview:-1"},"canonical":"https:\/\/augustocdominguez.com\/es\/translator\/","og_locale":"es_ES","og_type":"article","og_title":"Let Me Be Your Translator! - Augusto","og_description":"Augusto Let Me Be Your Translator! -","og_url":"https:\/\/augustocdominguez.com\/es\/translator\/","og_site_name":"Augusto","article_modified_time":"2025-08-14T01:47:12+00:00","og_image":[{"width":2240,"height":1260,"url":"https:\/\/augustocdominguez.com\/wp-content\/uploads\/2024\/12\/Self.jpg","type":"image\/jpeg"}],"twitter_card":"summary_large_image","twitter_misc":{"Est. reading time":"2 minutos"},"schema":{"@context":"https:\/\/schema.org","@graph":[{"@type":"WebPage","@id":"https:\/\/augustocdominguez.com\/translator\/","url":"https:\/\/augustocdominguez.com\/translator\/","name":"Let Me Be Your Translator! - Augusto","isPartOf":{"@id":"https:\/\/augustocdominguez.com\/#website"},"primaryImageOfPage":{"@id":"https:\/\/augustocdominguez.com\/translator\/#primaryimage"},"image":{"@id":"https:\/\/augustocdominguez.com\/translator\/#primaryimage"},"thumbnailUrl":"https:\/\/augustocdominguez.com\/wp-content\/uploads\/2024\/12\/Self.jpg","datePublished":"2024-11-23T14:32:10+00:00","dateModified":"2025-08-14T01:47:12+00:00","description":"Augusto Let Me Be Your Translator! -","breadcrumb":{"@id":"https:\/\/augustocdominguez.com\/translator\/#breadcrumb"},"inLanguage":"es-DO","potentialAction":[{"@type":"ReadAction","target":["https:\/\/augustocdominguez.com\/translator\/"]}]},{"@type":"ImageObject","inLanguage":"es-DO","@id":"https:\/\/augustocdominguez.com\/translator\/#primaryimage","url":"https:\/\/augustocdominguez.com\/wp-content\/uploads\/2024\/12\/Self.jpg","contentUrl":"https:\/\/augustocdominguez.com\/wp-content\/uploads\/2024\/12\/Self.jpg","width":2240,"height":1260},{"@type":"BreadcrumbList","@id":"https:\/\/augustocdominguez.com\/translator\/#breadcrumb","itemListElement":[{"@type":"ListItem","position":1,"name":"Home","item":"https:\/\/augustocdominguez.com\/"},{"@type":"ListItem","position":2,"name":"Let Me Be Your Translator!"}]},{"@type":"WebSite","@id":"https:\/\/augustocdominguez.com\/#website","url":"https:\/\/augustocdominguez.com\/","name":"Augusto","description":"Welcome to my digital abode!","publisher":{"@id":"https:\/\/augustocdominguez.com\/#\/schema\/person\/3f0dd22613ebe2d09d4d8bbb5fe8c8ad"},"potentialAction":[{"@type":"SearchAction","target":{"@type":"EntryPoint","urlTemplate":"https:\/\/augustocdominguez.com\/?s={search_term_string}"},"query-input":{"@type":"PropertyValueSpecification","valueRequired":true,"valueName":"search_term_string"}}],"inLanguage":"es-DO"},{"@type":["Person","Organization"],"@id":"https:\/\/augustocdominguez.com\/#\/schema\/person\/3f0dd22613ebe2d09d4d8bbb5fe8c8ad","name":"Augusto Dom\u00ednguez","image":{"@type":"ImageObject","inLanguage":"es-DO","@id":"http:\/\/augustocdominguez.com\/wp-content\/uploads\/2022\/01\/Augusto-Logo-1.png","url":"http:\/\/augustocdominguez.com\/wp-content\/uploads\/2022\/01\/Augusto-Logo-1.png","contentUrl":"http:\/\/augustocdominguez.com\/wp-content\/uploads\/2022\/01\/Augusto-Logo-1.png","width":500,"height":500,"caption":"Augusto Dom\u00ednguez"},"logo":{"@id":"http:\/\/augustocdominguez.com\/wp-content\/uploads\/2022\/01\/Augusto-Logo-1.png"},"sameAs":["http:\/\/augustocdominguez.com"]}]}},"jetpack_sharing_enabled":true,"_links":{"self":[{"href":"https:\/\/augustocdominguez.com\/es\/wp-json\/wp\/v2\/pages\/463","targetHints":{"allow":["GET"]}}],"collection":[{"href":"https:\/\/augustocdominguez.com\/es\/wp-json\/wp\/v2\/pages"}],"about":[{"href":"https:\/\/augustocdominguez.com\/es\/wp-json\/wp\/v2\/types\/page"}],"author":[{"embeddable":true,"href":"https:\/\/augustocdominguez.com\/es\/wp-json\/wp\/v2\/users\/1"}],"replies":[{"embeddable":true,"href":"https:\/\/augustocdominguez.com\/es\/wp-json\/wp\/v2\/comments?post=463"}],"version-history":[{"count":45,"href":"https:\/\/augustocdominguez.com\/es\/wp-json\/wp\/v2\/pages\/463\/revisions"}],"predecessor-version":[{"id":862,"href":"https:\/\/augustocdominguez.com\/es\/wp-json\/wp\/v2\/pages\/463\/revisions\/862"}],"wp:featuredmedia":[{"embeddable":true,"href":"https:\/\/augustocdominguez.com\/es\/wp-json\/wp\/v2\/media\/523"}],"wp:attachment":[{"href":"https:\/\/augustocdominguez.com\/es\/wp-json\/wp\/v2\/media?parent=463"}],"curies":[{"name":"wp","href":"https:\/\/api.w.org\/{rel}","templated":true}]}}