{"id":118,"date":"2022-09-20T23:06:26","date_gmt":"2022-09-21T03:06:26","guid":{"rendered":"https:\/\/augustocdominguez.com\/?page_id=118"},"modified":"2025-03-17T21:43:48","modified_gmt":"2025-03-18T01:43:48","slug":"contact-me","status":"publish","type":"page","link":"https:\/\/augustocdominguez.com\/es\/contact-me\/","title":{"rendered":"Cont\u00e1ctame!"},"content":{"rendered":"<figure class=\"wp-block-image size-large\"><img fetchpriority=\"high\" decoding=\"async\" width=\"1024\" height=\"576\" src=\"https:\/\/augustocdominguez.com\/wp-content\/uploads\/2024\/12\/Self-1024x576.jpg\" alt=\"\" class=\"wp-image-523\" srcset=\"https:\/\/augustocdominguez.com\/wp-content\/uploads\/2024\/12\/Self-1024x576.jpg 1024w, https:\/\/augustocdominguez.com\/wp-content\/uploads\/2024\/12\/Self-300x169.jpg 300w, https:\/\/augustocdominguez.com\/wp-content\/uploads\/2024\/12\/Self-768x432.jpg 768w, https:\/\/augustocdominguez.com\/wp-content\/uploads\/2024\/12\/Self-1536x864.jpg 1536w, https:\/\/augustocdominguez.com\/wp-content\/uploads\/2024\/12\/Self-2048x1152.jpg 2048w, https:\/\/augustocdominguez.com\/wp-content\/uploads\/2024\/12\/Self-1920x1080.jpg 1920w\" sizes=\"(max-width: 1024px) 100vw, 1024px\" \/><\/figure>\n\n\n\n<div style=\"height:20px\" aria-hidden=\"true\" class=\"wp-block-spacer\"><\/div>\n\n\n\n<p class=\"wp-block-paragraph\">Para oportunidades comerciales y\/o colaboraciones de cualquier tipo, puedes completar el formulario que encuetras debajo, y te estar\u00e9 respondiendo en la mayor brevedad posible.<\/p>\n\n\n\n<div style=\"height:20px\" aria-hidden=\"true\" class=\"wp-block-spacer\"><\/div>\n\n\n\n<p class=\"wp-block-paragraph\">Para mi nuevo servicio de <strong><a href=\"https:\/\/augustocdominguez.com\/es\/translator\/\">traducci\u00f3n<\/a> <\/strong>, tambi\u00e9n puedes contactarme por este formulario. As\u00ed podr\u00e1s describirme con exactitud lo que necesitas. Si ese es el fin de tu interacci\u00f3n conmigo, por favor, sea bastante espec\u00edfico con su requerimiento.<\/p>\n\n\n\n<div class=\"wp-block-contact-form-7-contact-form-selector\">\n<div class=\"wpcf7 no-js\" id=\"wpcf7-f105-o1\" lang=\"en-US\" dir=\"ltr\" data-wpcf7-id=\"105\">\n<div class=\"screen-reader-response\"><p role=\"status\" aria-live=\"polite\" aria-atomic=\"true\"><\/p> <ul><\/ul><\/div>\n<form action=\"\/es\/wp-json\/wp\/v2\/pages\/118#wpcf7-f105-o1\" method=\"post\" class=\"wpcf7-form init\" aria-label=\"Contact form\" novalidate=\"novalidate\" data-status=\"init\" data-trp-original-action=\"\/es\/wp-json\/wp\/v2\/pages\/118#wpcf7-f105-o1\">\n<fieldset class=\"hidden-fields-container\"><input type=\"hidden\" name=\"_wpcf7\" value=\"105\" \/><input type=\"hidden\" name=\"_wpcf7_version\" value=\"6.1.5\" \/><input type=\"hidden\" name=\"_wpcf7_locale\" value=\"en_US\" \/><input type=\"hidden\" name=\"_wpcf7_unit_tag\" value=\"wpcf7-f105-o1\" \/><input type=\"hidden\" name=\"_wpcf7_container_post\" value=\"0\" \/><input type=\"hidden\" name=\"_wpcf7_posted_data_hash\" value=\"\" \/>\n<\/fieldset>\n<p><label> su nombre<br \/>\n<span class=\"wpcf7-form-control-wrap\" data-name=\"your-name\"><input size=\"40\" maxlength=\"400\" class=\"wpcf7-form-control wpcf7-text wpcf7-validates-as-required\" aria-required=\"true\" aria-invalid=\"false\" value=\"\" type=\"text\" name=\"your-name\" \/><\/span> <\/label>\n<\/p>\n<p><label> su correo electr\u00f3nico<br \/>\n<span class=\"wpcf7-form-control-wrap\" data-name=\"your-email\"><input size=\"40\" maxlength=\"400\" class=\"wpcf7-form-control wpcf7-email wpcf7-validates-as-required wpcf7-text wpcf7-validates-as-email\" aria-required=\"true\" aria-invalid=\"false\" value=\"\" type=\"email\" name=\"your-email\" \/><\/span> <\/label>\n<\/p>\n<p><label> su n\u00famero de tel\u00e9fono<br \/>\n<span class=\"wpcf7-form-control-wrap\" data-name=\"tel-26\"><input size=\"40\" maxlength=\"400\" class=\"wpcf7-form-control wpcf7-tel wpcf7-text wpcf7-validates-as-tel\" aria-invalid=\"false\" value=\"\" type=\"tel\" name=\"tel-26\" \/><\/span> <\/label>\n<\/p>\n<p><label> asunto<br \/>\n<span class=\"wpcf7-form-control-wrap\" data-name=\"your-subject\"><input size=\"40\" maxlength=\"400\" class=\"wpcf7-form-control wpcf7-text wpcf7-validates-as-required\" aria-required=\"true\" aria-invalid=\"false\" value=\"\" type=\"text\" name=\"your-subject\" \/><\/span> <\/label>\n<\/p>\n<p><label> describa su solicitud de contacto<br \/>\n<span class=\"wpcf7-form-control-wrap\" data-name=\"your-message\"><textarea cols=\"40\" rows=\"10\" maxlength=\"2000\" class=\"wpcf7-form-control wpcf7-textarea\" aria-invalid=\"false\" name=\"your-message\"><\/textarea><\/span> <\/label>\n<\/p>\n<p><input class=\"wpcf7-form-control wpcf7-submit has-spinner\" type=\"submit\" value=\"enviar\" \/>\n<\/p><p style=\"display: none !important;\" class=\"akismet-fields-container\" data-prefix=\"_wpcf7_ak_\"><label>&#916;<textarea name=\"_wpcf7_ak_hp_textarea\" cols=\"45\" rows=\"8\" maxlength=\"100\"><\/textarea><\/label><input type=\"hidden\" id=\"ak_js_1\" name=\"_wpcf7_ak_js\" value=\"46\"\/><script data-jetpack-boost=\"ignore\">document.getElementById( \"ak_js_1\" ).setAttribute( \"value\", ( new Date() ).getTime() );<\/script><\/p><div class=\"wpcf7-response-output\" aria-hidden=\"true\"><\/div>\n<input type=\"hidden\" name=\"trp-form-language\" value=\"es\"\/><\/form>\n<\/div>\n<\/div>","protected":false},"excerpt":{"rendered":"<p>For any business and\/or collaboration opportunities, fill out the following form and I will be contacting you as soon as<\/p>\n<p><a href=\"https:\/\/augustocdominguez.com\/es\/contact-me\/\" class=\"more-link\">Continue reading<span class=\"screen-reader-text\">Cont\u00e1ctame!<\/span><\/a><\/p>","protected":false},"author":1,"featured_media":523,"parent":0,"menu_order":0,"comment_status":"closed","ping_status":"closed","template":"","meta":{"_crdt_document":"","footnotes":""},"class_list":["post-118","page","type-page","status-publish","has-post-thumbnail","hentry"],"yoast_head":"<!-- This site is optimized with the Yoast SEO plugin v27.4 - https:\/\/yoast.com\/product\/yoast-seo-wordpress\/ -->\n<title>Contact Me - Augusto<\/title>\n<meta name=\"description\" content=\"Augusto Contact Me -\" \/>\n<meta name=\"robots\" content=\"index, follow, max-snippet:-1, max-image-preview:large, max-video-preview:-1\" \/>\n<link rel=\"canonical\" href=\"https:\/\/augustocdominguez.com\/es\/contact-me\/\" \/>\n<meta property=\"og:locale\" content=\"es_ES\" \/>\n<meta property=\"og:type\" content=\"article\" \/>\n<meta property=\"og:title\" content=\"Contact Me - Augusto\" \/>\n<meta property=\"og:description\" content=\"Augusto Contact Me -\" \/>\n<meta property=\"og:url\" content=\"https:\/\/augustocdominguez.com\/es\/contact-me\/\" \/>\n<meta property=\"og:site_name\" content=\"Augusto\" \/>\n<meta property=\"article:modified_time\" content=\"2025-03-18T01:43:48+00:00\" \/>\n<meta property=\"og:image\" content=\"https:\/\/augustocdominguez.com\/wp-content\/uploads\/2024\/12\/Self.jpg\" \/>\n\t<meta property=\"og:image:width\" content=\"2240\" \/>\n\t<meta property=\"og:image:height\" content=\"1260\" \/>\n\t<meta property=\"og:image:type\" content=\"image\/jpeg\" \/>\n<meta name=\"twitter:card\" content=\"summary_large_image\" \/>\n<meta name=\"twitter:label1\" content=\"Est. reading time\" \/>\n\t<meta name=\"twitter:data1\" content=\"1 minuto\" \/>\n<script type=\"application\/ld+json\" class=\"yoast-schema-graph\">{\"@context\":\"https:\\\/\\\/schema.org\",\"@graph\":[{\"@type\":\"WebPage\",\"@id\":\"https:\\\/\\\/augustocdominguez.com\\\/contact-me\\\/\",\"url\":\"https:\\\/\\\/augustocdominguez.com\\\/contact-me\\\/\",\"name\":\"Contact Me - Augusto\",\"isPartOf\":{\"@id\":\"https:\\\/\\\/augustocdominguez.com\\\/#website\"},\"primaryImageOfPage\":{\"@id\":\"https:\\\/\\\/augustocdominguez.com\\\/contact-me\\\/#primaryimage\"},\"image\":{\"@id\":\"https:\\\/\\\/augustocdominguez.com\\\/contact-me\\\/#primaryimage\"},\"thumbnailUrl\":\"https:\\\/\\\/augustocdominguez.com\\\/wp-content\\\/uploads\\\/2024\\\/12\\\/Self.jpg\",\"datePublished\":\"2022-09-21T03:06:26+00:00\",\"dateModified\":\"2025-03-18T01:43:48+00:00\",\"description\":\"Augusto Contact Me -\",\"breadcrumb\":{\"@id\":\"https:\\\/\\\/augustocdominguez.com\\\/contact-me\\\/#breadcrumb\"},\"inLanguage\":\"es-DO\",\"potentialAction\":[{\"@type\":\"ReadAction\",\"target\":[\"https:\\\/\\\/augustocdominguez.com\\\/contact-me\\\/\"]}]},{\"@type\":\"ImageObject\",\"inLanguage\":\"es-DO\",\"@id\":\"https:\\\/\\\/augustocdominguez.com\\\/contact-me\\\/#primaryimage\",\"url\":\"https:\\\/\\\/augustocdominguez.com\\\/wp-content\\\/uploads\\\/2024\\\/12\\\/Self.jpg\",\"contentUrl\":\"https:\\\/\\\/augustocdominguez.com\\\/wp-content\\\/uploads\\\/2024\\\/12\\\/Self.jpg\",\"width\":2240,\"height\":1260},{\"@type\":\"BreadcrumbList\",\"@id\":\"https:\\\/\\\/augustocdominguez.com\\\/contact-me\\\/#breadcrumb\",\"itemListElement\":[{\"@type\":\"ListItem\",\"position\":1,\"name\":\"Home\",\"item\":\"https:\\\/\\\/augustocdominguez.com\\\/\"},{\"@type\":\"ListItem\",\"position\":2,\"name\":\"Contact Me\"}]},{\"@type\":\"WebSite\",\"@id\":\"https:\\\/\\\/augustocdominguez.com\\\/#website\",\"url\":\"https:\\\/\\\/augustocdominguez.com\\\/\",\"name\":\"Augusto\",\"description\":\"Welcome to my digital abode!\",\"publisher\":{\"@id\":\"https:\\\/\\\/augustocdominguez.com\\\/#\\\/schema\\\/person\\\/3f0dd22613ebe2d09d4d8bbb5fe8c8ad\"},\"potentialAction\":[{\"@type\":\"SearchAction\",\"target\":{\"@type\":\"EntryPoint\",\"urlTemplate\":\"https:\\\/\\\/augustocdominguez.com\\\/?s={search_term_string}\"},\"query-input\":{\"@type\":\"PropertyValueSpecification\",\"valueRequired\":true,\"valueName\":\"search_term_string\"}}],\"inLanguage\":\"es-DO\"},{\"@type\":[\"Person\",\"Organization\"],\"@id\":\"https:\\\/\\\/augustocdominguez.com\\\/#\\\/schema\\\/person\\\/3f0dd22613ebe2d09d4d8bbb5fe8c8ad\",\"name\":\"Augusto Dom\u00ednguez\",\"image\":{\"@type\":\"ImageObject\",\"inLanguage\":\"es-DO\",\"@id\":\"http:\\\/\\\/augustocdominguez.com\\\/wp-content\\\/uploads\\\/2022\\\/01\\\/Augusto-Logo-1.png\",\"url\":\"http:\\\/\\\/augustocdominguez.com\\\/wp-content\\\/uploads\\\/2022\\\/01\\\/Augusto-Logo-1.png\",\"contentUrl\":\"http:\\\/\\\/augustocdominguez.com\\\/wp-content\\\/uploads\\\/2022\\\/01\\\/Augusto-Logo-1.png\",\"width\":500,\"height\":500,\"caption\":\"Augusto Dom\u00ednguez\"},\"logo\":{\"@id\":\"http:\\\/\\\/augustocdominguez.com\\\/wp-content\\\/uploads\\\/2022\\\/01\\\/Augusto-Logo-1.png\"},\"sameAs\":[\"http:\\\/\\\/augustocdominguez.com\"]}]}<\/script>\n<!-- \/ Yoast SEO plugin. -->","yoast_head_json":{"title":"Contact Me - Augusto","description":"Augusto Contact Me -","robots":{"index":"index","follow":"follow","max-snippet":"max-snippet:-1","max-image-preview":"max-image-preview:large","max-video-preview":"max-video-preview:-1"},"canonical":"https:\/\/augustocdominguez.com\/es\/contact-me\/","og_locale":"es_ES","og_type":"article","og_title":"Contact Me - Augusto","og_description":"Augusto Contact Me -","og_url":"https:\/\/augustocdominguez.com\/es\/contact-me\/","og_site_name":"Augusto","article_modified_time":"2025-03-18T01:43:48+00:00","og_image":[{"width":2240,"height":1260,"url":"https:\/\/augustocdominguez.com\/wp-content\/uploads\/2024\/12\/Self.jpg","type":"image\/jpeg"}],"twitter_card":"summary_large_image","twitter_misc":{"Est. reading time":"1 minuto"},"schema":{"@context":"https:\/\/schema.org","@graph":[{"@type":"WebPage","@id":"https:\/\/augustocdominguez.com\/contact-me\/","url":"https:\/\/augustocdominguez.com\/contact-me\/","name":"Contact Me - Augusto","isPartOf":{"@id":"https:\/\/augustocdominguez.com\/#website"},"primaryImageOfPage":{"@id":"https:\/\/augustocdominguez.com\/contact-me\/#primaryimage"},"image":{"@id":"https:\/\/augustocdominguez.com\/contact-me\/#primaryimage"},"thumbnailUrl":"https:\/\/augustocdominguez.com\/wp-content\/uploads\/2024\/12\/Self.jpg","datePublished":"2022-09-21T03:06:26+00:00","dateModified":"2025-03-18T01:43:48+00:00","description":"Augusto Contact Me -","breadcrumb":{"@id":"https:\/\/augustocdominguez.com\/contact-me\/#breadcrumb"},"inLanguage":"es-DO","potentialAction":[{"@type":"ReadAction","target":["https:\/\/augustocdominguez.com\/contact-me\/"]}]},{"@type":"ImageObject","inLanguage":"es-DO","@id":"https:\/\/augustocdominguez.com\/contact-me\/#primaryimage","url":"https:\/\/augustocdominguez.com\/wp-content\/uploads\/2024\/12\/Self.jpg","contentUrl":"https:\/\/augustocdominguez.com\/wp-content\/uploads\/2024\/12\/Self.jpg","width":2240,"height":1260},{"@type":"BreadcrumbList","@id":"https:\/\/augustocdominguez.com\/contact-me\/#breadcrumb","itemListElement":[{"@type":"ListItem","position":1,"name":"Home","item":"https:\/\/augustocdominguez.com\/"},{"@type":"ListItem","position":2,"name":"Contact Me"}]},{"@type":"WebSite","@id":"https:\/\/augustocdominguez.com\/#website","url":"https:\/\/augustocdominguez.com\/","name":"Augusto","description":"Welcome to my digital abode!","publisher":{"@id":"https:\/\/augustocdominguez.com\/#\/schema\/person\/3f0dd22613ebe2d09d4d8bbb5fe8c8ad"},"potentialAction":[{"@type":"SearchAction","target":{"@type":"EntryPoint","urlTemplate":"https:\/\/augustocdominguez.com\/?s={search_term_string}"},"query-input":{"@type":"PropertyValueSpecification","valueRequired":true,"valueName":"search_term_string"}}],"inLanguage":"es-DO"},{"@type":["Person","Organization"],"@id":"https:\/\/augustocdominguez.com\/#\/schema\/person\/3f0dd22613ebe2d09d4d8bbb5fe8c8ad","name":"Augusto Dom\u00ednguez","image":{"@type":"ImageObject","inLanguage":"es-DO","@id":"http:\/\/augustocdominguez.com\/wp-content\/uploads\/2022\/01\/Augusto-Logo-1.png","url":"http:\/\/augustocdominguez.com\/wp-content\/uploads\/2022\/01\/Augusto-Logo-1.png","contentUrl":"http:\/\/augustocdominguez.com\/wp-content\/uploads\/2022\/01\/Augusto-Logo-1.png","width":500,"height":500,"caption":"Augusto Dom\u00ednguez"},"logo":{"@id":"http:\/\/augustocdominguez.com\/wp-content\/uploads\/2022\/01\/Augusto-Logo-1.png"},"sameAs":["http:\/\/augustocdominguez.com"]}]}},"jetpack_sharing_enabled":true,"_links":{"self":[{"href":"https:\/\/augustocdominguez.com\/es\/wp-json\/wp\/v2\/pages\/118","targetHints":{"allow":["GET"]}}],"collection":[{"href":"https:\/\/augustocdominguez.com\/es\/wp-json\/wp\/v2\/pages"}],"about":[{"href":"https:\/\/augustocdominguez.com\/es\/wp-json\/wp\/v2\/types\/page"}],"author":[{"embeddable":true,"href":"https:\/\/augustocdominguez.com\/es\/wp-json\/wp\/v2\/users\/1"}],"replies":[{"embeddable":true,"href":"https:\/\/augustocdominguez.com\/es\/wp-json\/wp\/v2\/comments?post=118"}],"version-history":[{"count":6,"href":"https:\/\/augustocdominguez.com\/es\/wp-json\/wp\/v2\/pages\/118\/revisions"}],"predecessor-version":[{"id":681,"href":"https:\/\/augustocdominguez.com\/es\/wp-json\/wp\/v2\/pages\/118\/revisions\/681"}],"wp:featuredmedia":[{"embeddable":true,"href":"https:\/\/augustocdominguez.com\/es\/wp-json\/wp\/v2\/media\/523"}],"wp:attachment":[{"href":"https:\/\/augustocdominguez.com\/es\/wp-json\/wp\/v2\/media?parent=118"}],"curies":[{"name":"wp","href":"https:\/\/api.w.org\/{rel}","templated":true}]}}